{"id":66,"date":"2023-07-06T16:13:55","date_gmt":"2023-07-06T14:13:55","guid":{"rendered":"https:\/\/www.asadorcitywokalfafar.com\/tienda-online\/?page_id=66"},"modified":"2023-07-11T22:03:36","modified_gmt":"2023-07-11T20:03:36","slug":"formas-de-pago-envios-cambios-y-devoluciones","status":"publish","type":"page","link":"https:\/\/www.asadorcitywokalfafar.com\/tienda-online\/formas-de-pago-envios-cambios-y-devoluciones\/","title":{"rendered":"Formas de pago, env\u00edos, cambios y devoluciones"},"content":{"rendered":"<p><strong>FORMAS DE PAGO<\/strong><\/p>\n<p><strong>Ingreso o transferencia bancaria. <\/strong>Deber\u00e1s enviar un email con el justificante del pago. La propia tienda ya te indica el n\u00famero de cuenta al que debes realizar la transferencia.<\/p>\n<p>Todos los productos incluyen el 21% del IVA.<\/p>\n<p><strong>TIEMPO DE PREPARACI\u00d3N, ENV\u00cdO Y GASTOS DE ENV\u00cdO<\/strong><\/p>\n<p>Los productos que hay en la tienda online son productos virtuales, por lo tanto no se realizan env\u00edos al domicilio del usuario. El producto se recibe por correo electr\u00f3nico en el momento que se completa el proceso de pago.<\/p>\n<p><strong>PROBLEMAS CON LA RECEPCI\u00d3N DEL PRODUCTO, CAMBIOS, DEVOLUCIONES O AJUSTES<\/strong><\/p>\n<p><strong>Mi compra no llega\u2026<\/strong> Si tu compra se demora m\u00e1s de lo estipulado, es aconsejable que contactes con nosotros para hacer las comprobaciones necesarias y saber en que estado se encuentra tu pedido e incluso, si fuese necesario, formular la reclamaci\u00f3n pertinente.<\/p>\n<p><strong><em>Es importante que nos facilit\u00e9is los datos correctos con los que realizaste la compra.<\/em><\/strong><\/p>\n<p><strong>Quiero hacer un cambio, devoluci\u00f3n o ajuste\u2026<\/strong> En estos casos te ruego que te pongas en contacto con nosotros para gestionarlo lo antes posible.<\/p>\n<p>Los\u00a0<strong>cambios o ajustes\u00a0<\/strong>deben estar debidamente justificados, contactando con nosotros en un plazo no superior a 3 d\u00edas desde su compra. El producto no debe haber sido utilizado.<\/p>\n<p>En el caso de\u00a0<strong>devoluci\u00f3n<\/strong> se reembolsar\u00e1 el importe de los art\u00edculos.<\/p>\n<p>Los\u00a0<strong>cambios o ajustes<\/strong>\u00a0ser\u00e1n gestionados lo m\u00e1s r\u00e1pidamente posible para que puedas volver a disfrutar de tu pedido.<\/p>\n<p>No se admitir\u00e1 ning\u00fan cambio\/devoluci\u00f3n\/ajuste que no se realice tal como aqu\u00ed indico.<\/p>\n<p><strong>OTRAS DUDAS<\/strong><\/p>\n<p>Para cualquier otra duda puedes:<\/p>\n<p>\u2013 Llamar al <a href=\"tel:+34960099969\" target=\"_blank\" rel=\"noopener\">+34 960 099 969<\/a><\/p>\n<p>\u2013 Escribir al correo <a href=\"mailto:info@asadorcitywokalfafar.com\">info@asadorcitywokalfafar.com\u00a0<\/a><\/p>\n<p>\u2013 Ponerte en contacto a trav\u00e9s del formulario \u201c<a href=\"https:\/\/www.asadorcitywokalfafar.com\/tienda-online\/contacto\/\">CONTACTO<\/a>\u201d de la tienda online.<\/p>\n","protected":false},"excerpt":{"rendered":"<p>FORMAS DE PAGO Ingreso o transferencia bancaria. Deber\u00e1s enviar un email con el justificante del pago. La propia tienda ya te indica el n\u00famero de cuenta al que debes realizar la transferencia. Todos los productos incluyen el 21% del IVA. TIEMPO DE PREPARACI\u00d3N, ENV\u00cdO Y GASTOS DE ENV\u00cdO Los productos que hay en la tienda online son productos virtuales, por lo tanto no se realizan env\u00edos al domicilio del usuario. El producto se recibe por correo electr\u00f3nico en el momento que se completa el proceso de pago. PROBLEMAS CON LA RECEPCI\u00d3N DEL PRODUCTO, CAMBIOS, DEVOLUCIONES O AJUSTES Mi compra no llega\u2026 Si tu compra se demora m\u00e1s de lo estipulado, es aconsejable que contactes con nosotros para hacer las comprobaciones<span class=\"excerpt-hellip\"> [\u2026]<\/span><\/p>\n","protected":false},"author":1,"featured_media":0,"parent":0,"menu_order":0,"comment_status":"closed","ping_status":"closed","template":"","meta":{"footnotes":""},"class_list":["post-66","page","type-page","status-publish","hentry"],"yoast_head":"<!-- This site is optimized with the Yoast SEO plugin v20.10 - https:\/\/yoast.com\/wordpress\/plugins\/seo\/ -->\n<title>Formas de pago, env\u00edos, cambios y devoluciones - Tienda online Asador City Wok Alfafar<\/title>\n<meta name=\"description\" content=\"Formas de pago, env\u00edos, cambios y devoluciones - Tienda online Asador City Wok Alfafar. Restaurante de Cocina Internacional &amp; Take Away.\" \/>\n<meta name=\"robots\" content=\"noindex, nofollow\" \/>\n<meta property=\"og:locale\" content=\"es_ES\" \/>\n<meta property=\"og:type\" content=\"article\" \/>\n<meta property=\"og:title\" content=\"Formas de pago, env\u00edos, cambios y devoluciones - Tienda online Asador City Wok Alfafar\" \/>\n<meta property=\"og:description\" content=\"Formas de pago, env\u00edos, cambios y devoluciones - Tienda online Asador City Wok Alfafar. Restaurante de Cocina Internacional &amp; Take Away.\" \/>\n<meta property=\"og:url\" content=\"https:\/\/www.asadorcitywokalfafar.com\/tienda-online\/formas-de-pago-envios-cambios-y-devoluciones\/\" \/>\n<meta property=\"og:site_name\" content=\"Tienda online Asador City Wok Alfafar\" \/>\n<meta property=\"article:modified_time\" content=\"2023-07-11T20:03:36+00:00\" \/>\n<meta name=\"twitter:card\" content=\"summary_large_image\" \/>\n<meta name=\"twitter:label1\" content=\"Tiempo de lectura\" \/>\n\t<meta name=\"twitter:data1\" content=\"2 minutos\" \/>\n<script type=\"application\/ld+json\" class=\"yoast-schema-graph\">{\"@context\":\"https:\/\/schema.org\",\"@graph\":[{\"@type\":\"WebPage\",\"@id\":\"https:\/\/www.asadorcitywokalfafar.com\/tienda-online\/formas-de-pago-envios-cambios-y-devoluciones\/\",\"url\":\"https:\/\/www.asadorcitywokalfafar.com\/tienda-online\/formas-de-pago-envios-cambios-y-devoluciones\/\",\"name\":\"Formas de pago, env\u00edos, cambios y devoluciones - Tienda online Asador City Wok Alfafar\",\"isPartOf\":{\"@id\":\"https:\/\/www.asadorcitywokalfafar.com\/tienda-online\/#website\"},\"datePublished\":\"2023-07-06T14:13:55+00:00\",\"dateModified\":\"2023-07-11T20:03:36+00:00\",\"description\":\"Formas de pago, env\u00edos, cambios y devoluciones - Tienda online Asador City Wok Alfafar. Restaurante de Cocina Internacional & Take Away.\",\"inLanguage\":\"es\",\"potentialAction\":[{\"@type\":\"ReadAction\",\"target\":[\"https:\/\/www.asadorcitywokalfafar.com\/tienda-online\/formas-de-pago-envios-cambios-y-devoluciones\/\"]}]},{\"@type\":\"WebSite\",\"@id\":\"https:\/\/www.asadorcitywokalfafar.com\/tienda-online\/#website\",\"url\":\"https:\/\/www.asadorcitywokalfafar.com\/tienda-online\/\",\"name\":\"Tienda online Asador City Wok Alfafar\",\"description\":\"\",\"potentialAction\":[{\"@type\":\"SearchAction\",\"target\":{\"@type\":\"EntryPoint\",\"urlTemplate\":\"https:\/\/www.asadorcitywokalfafar.com\/tienda-online\/?s={search_term_string}\"},\"query-input\":\"required name=search_term_string\"}],\"inLanguage\":\"es\"}]}<\/script>\n<!-- \/ Yoast SEO plugin. -->","yoast_head_json":{"title":"Formas de pago, env\u00edos, cambios y devoluciones - Tienda online Asador City Wok Alfafar","description":"Formas de pago, env\u00edos, cambios y devoluciones - Tienda online Asador City Wok Alfafar. Restaurante de Cocina Internacional & Take Away.","robots":{"index":"noindex","follow":"nofollow"},"og_locale":"es_ES","og_type":"article","og_title":"Formas de pago, env\u00edos, cambios y devoluciones - Tienda online Asador City Wok Alfafar","og_description":"Formas de pago, env\u00edos, cambios y devoluciones - Tienda online Asador City Wok Alfafar. Restaurante de Cocina Internacional & Take Away.","og_url":"https:\/\/www.asadorcitywokalfafar.com\/tienda-online\/formas-de-pago-envios-cambios-y-devoluciones\/","og_site_name":"Tienda online Asador City Wok Alfafar","article_modified_time":"2023-07-11T20:03:36+00:00","twitter_card":"summary_large_image","twitter_misc":{"Tiempo de lectura":"2 minutos"},"schema":{"@context":"https:\/\/schema.org","@graph":[{"@type":"WebPage","@id":"https:\/\/www.asadorcitywokalfafar.com\/tienda-online\/formas-de-pago-envios-cambios-y-devoluciones\/","url":"https:\/\/www.asadorcitywokalfafar.com\/tienda-online\/formas-de-pago-envios-cambios-y-devoluciones\/","name":"Formas de pago, env\u00edos, cambios y devoluciones - Tienda online Asador City Wok Alfafar","isPartOf":{"@id":"https:\/\/www.asadorcitywokalfafar.com\/tienda-online\/#website"},"datePublished":"2023-07-06T14:13:55+00:00","dateModified":"2023-07-11T20:03:36+00:00","description":"Formas de pago, env\u00edos, cambios y devoluciones - Tienda online Asador City Wok Alfafar. Restaurante de Cocina Internacional & Take Away.","inLanguage":"es","potentialAction":[{"@type":"ReadAction","target":["https:\/\/www.asadorcitywokalfafar.com\/tienda-online\/formas-de-pago-envios-cambios-y-devoluciones\/"]}]},{"@type":"WebSite","@id":"https:\/\/www.asadorcitywokalfafar.com\/tienda-online\/#website","url":"https:\/\/www.asadorcitywokalfafar.com\/tienda-online\/","name":"Tienda online Asador City Wok Alfafar","description":"","potentialAction":[{"@type":"SearchAction","target":{"@type":"EntryPoint","urlTemplate":"https:\/\/www.asadorcitywokalfafar.com\/tienda-online\/?s={search_term_string}"},"query-input":"required name=search_term_string"}],"inLanguage":"es"}]}},"_links":{"self":[{"href":"https:\/\/www.asadorcitywokalfafar.com\/tienda-online\/wp-json\/wp\/v2\/pages\/66","targetHints":{"allow":["GET"]}}],"collection":[{"href":"https:\/\/www.asadorcitywokalfafar.com\/tienda-online\/wp-json\/wp\/v2\/pages"}],"about":[{"href":"https:\/\/www.asadorcitywokalfafar.com\/tienda-online\/wp-json\/wp\/v2\/types\/page"}],"author":[{"embeddable":true,"href":"https:\/\/www.asadorcitywokalfafar.com\/tienda-online\/wp-json\/wp\/v2\/users\/1"}],"replies":[{"embeddable":true,"href":"https:\/\/www.asadorcitywokalfafar.com\/tienda-online\/wp-json\/wp\/v2\/comments?post=66"}],"version-history":[{"count":9,"href":"https:\/\/www.asadorcitywokalfafar.com\/tienda-online\/wp-json\/wp\/v2\/pages\/66\/revisions"}],"predecessor-version":[{"id":107,"href":"https:\/\/www.asadorcitywokalfafar.com\/tienda-online\/wp-json\/wp\/v2\/pages\/66\/revisions\/107"}],"wp:attachment":[{"href":"https:\/\/www.asadorcitywokalfafar.com\/tienda-online\/wp-json\/wp\/v2\/media?parent=66"}],"curies":[{"name":"wp","href":"https:\/\/api.w.org\/{rel}","templated":true}]}}