{"id":38,"date":"2023-07-06T14:07:10","date_gmt":"2023-07-06T12:07:10","guid":{"rendered":"https:\/\/www.asadorcitywokalfafar.com\/tienda-online\/?page_id=38"},"modified":"2023-07-11T22:03:15","modified_gmt":"2023-07-11T20:03:15","slug":"ayuda-accesibilidad","status":"publish","type":"page","link":"https:\/\/www.asadorcitywokalfafar.com\/tienda-online\/ayuda-accesibilidad\/","title":{"rendered":"Ayuda accesibilidad"},"content":{"rendered":"<h2>Ayuda de navegaci\u00f3n<\/h2>\n<p>El sitio web de ZHOU WOK ALFAFAR SL est\u00e1 estructurado de la manera descrita a continuaci\u00f3n.<\/p>\n<p>En la parte superior de la p\u00e1gina, se encuentra la cabecera.<\/p>\n<p><img loading=\"lazy\" decoding=\"async\" class=\"aligncenter size-full wp-image-101\" src=\"https:\/\/www.asadorcitywokalfafar.com\/tienda-online\/wp-content\/uploads\/2023\/07\/header.jpg\" alt=\"header\" width=\"1883\" height=\"98\" srcset=\"https:\/\/www.asadorcitywokalfafar.com\/tienda-online\/wp-content\/uploads\/2023\/07\/header.jpg 1883w, https:\/\/www.asadorcitywokalfafar.com\/tienda-online\/wp-content\/uploads\/2023\/07\/header-300x16.jpg 300w, https:\/\/www.asadorcitywokalfafar.com\/tienda-online\/wp-content\/uploads\/2023\/07\/header-1024x53.jpg 1024w, https:\/\/www.asadorcitywokalfafar.com\/tienda-online\/wp-content\/uploads\/2023\/07\/header-768x40.jpg 768w, https:\/\/www.asadorcitywokalfafar.com\/tienda-online\/wp-content\/uploads\/2023\/07\/header-1536x80.jpg 1536w, https:\/\/www.asadorcitywokalfafar.com\/tienda-online\/wp-content\/uploads\/2023\/07\/header-260x14.jpg 260w, https:\/\/www.asadorcitywokalfafar.com\/tienda-online\/wp-content\/uploads\/2023\/07\/header-50x3.jpg 50w, https:\/\/www.asadorcitywokalfafar.com\/tienda-online\/wp-content\/uploads\/2023\/07\/header-150x8.jpg 150w, https:\/\/www.asadorcitywokalfafar.com\/tienda-online\/wp-content\/uploads\/2023\/07\/header-600x31.jpg 600w\" sizes=\"auto, (max-width: 1883px) 100vw, 1883px\" \/><\/p>\n<p>Tiene las siguientes caracter\u00edsticas:<\/p>\n<p>El logo de ZHOU WOK ALFAFAR SL situado a la izquierda, conduce, al pinchar sobre \u00e9l a la p\u00e1gina de inicio<\/p>\n<p>A la derecha del logo empieza el men\u00fa de navegaci\u00f3n que nos permiten acceder a los diferentes apartados de la p\u00e1gina web.<\/p>\n<p>Productos, permite acceder a la secci\u00f3n de todos los productos que se ofrecen en la tienda online.<\/p>\n<p>Mi cuenta, permite acceder al inicio de sesi\u00f3n, registro o datos de la cuenta.<\/p>\n<p>Contacto, nos permite acceder a p\u00e1gina con formulario de contacto y mapa de ubicaci\u00f3n.<\/p>\n<p>En la parte central de todas las p\u00e1ginas nos encontramos con la informaci\u00f3n de la p\u00e1gina.<\/p>\n<p>La p\u00e1gina de Inicio muestra un resumen de todos los apartados del sitio web, est\u00e1 dividida en bloques que enlazan con los apartados del web.<\/p>\n<p>En la parte inferior de la p\u00e1gina, se encuentra el pie de p\u00e1gina.<\/p>\n<p><img loading=\"lazy\" decoding=\"async\" class=\"aligncenter size-full wp-image-110\" src=\"https:\/\/www.asadorcitywokalfafar.com\/tienda-online\/wp-content\/uploads\/2023\/07\/footer-tienda-citywok-alfafar.jpg\" alt=\"footer-tienda-citywok-alfafar\" width=\"1898\" height=\"331\" srcset=\"https:\/\/www.asadorcitywokalfafar.com\/tienda-online\/wp-content\/uploads\/2023\/07\/footer-tienda-citywok-alfafar.jpg 1898w, https:\/\/www.asadorcitywokalfafar.com\/tienda-online\/wp-content\/uploads\/2023\/07\/footer-tienda-citywok-alfafar-300x52.jpg 300w, https:\/\/www.asadorcitywokalfafar.com\/tienda-online\/wp-content\/uploads\/2023\/07\/footer-tienda-citywok-alfafar-1024x179.jpg 1024w, https:\/\/www.asadorcitywokalfafar.com\/tienda-online\/wp-content\/uploads\/2023\/07\/footer-tienda-citywok-alfafar-768x134.jpg 768w, https:\/\/www.asadorcitywokalfafar.com\/tienda-online\/wp-content\/uploads\/2023\/07\/footer-tienda-citywok-alfafar-1536x268.jpg 1536w, https:\/\/www.asadorcitywokalfafar.com\/tienda-online\/wp-content\/uploads\/2023\/07\/footer-tienda-citywok-alfafar-260x45.jpg 260w, https:\/\/www.asadorcitywokalfafar.com\/tienda-online\/wp-content\/uploads\/2023\/07\/footer-tienda-citywok-alfafar-50x9.jpg 50w, https:\/\/www.asadorcitywokalfafar.com\/tienda-online\/wp-content\/uploads\/2023\/07\/footer-tienda-citywok-alfafar-150x26.jpg 150w, https:\/\/www.asadorcitywokalfafar.com\/tienda-online\/wp-content\/uploads\/2023\/07\/footer-tienda-citywok-alfafar-600x105.jpg 600w\" sizes=\"auto, (max-width: 1898px) 100vw, 1898px\" \/><\/p>\n<p>En el pie de p\u00e1gina nos encontramos diversos enlaces de inter\u00e9s, estando entre ellos el mapa web, que ofrece un esquema de la estructura de las p\u00e1ginas de la web de ZHOU WOK ALFAFAR SL, y la p\u00e1gina de Accesibilidad desde donde puede contactar para quejas y sugerencias.<\/p>\n<p>Tambi\u00e9n aparece siempre en todas las p\u00e1ginas de la web 1 bot\u00f3n flotante en la parte inferior del web, a la izquierda con icono de accesibilidad, para configurar la visi\u00f3n del web a su gusto: contrastes, tama\u00f1os de letra&#8230;<\/p>\n<p>&nbsp;<\/p>\n","protected":false},"excerpt":{"rendered":"<p>Ayuda de navegaci\u00f3n El sitio web de ZHOU WOK ALFAFAR SL est\u00e1 estructurado de la manera descrita a continuaci\u00f3n. En la parte superior de la p\u00e1gina, se encuentra la cabecera. Tiene las siguientes caracter\u00edsticas: El logo de ZHOU WOK ALFAFAR SL situado a la izquierda, conduce, al pinchar sobre \u00e9l a la p\u00e1gina de inicio A la derecha del logo empieza el men\u00fa de navegaci\u00f3n que nos permiten acceder a los diferentes apartados de la p\u00e1gina web. Productos, permite acceder a la secci\u00f3n de todos los productos que se ofrecen en la tienda online. Mi cuenta, permite acceder al inicio de sesi\u00f3n, registro o datos de la cuenta. Contacto, nos permite acceder a p\u00e1gina con formulario de contacto y mapa<span class=\"excerpt-hellip\"> [\u2026]<\/span><\/p>\n","protected":false},"author":1,"featured_media":0,"parent":0,"menu_order":0,"comment_status":"closed","ping_status":"closed","template":"","meta":{"footnotes":""},"class_list":["post-38","page","type-page","status-publish","hentry"],"yoast_head":"<!-- This site is optimized with the Yoast SEO plugin v20.10 - https:\/\/yoast.com\/wordpress\/plugins\/seo\/ -->\n<title>Ayuda accesibilidad - Tienda online Asador City Wok Alfafar<\/title>\n<meta name=\"description\" content=\"Ayuda accesibilidad - Tienda online Asador City Wok Alfafar. Restaurante de Cocina Internacional &amp; Take Away.\" \/>\n<meta name=\"robots\" content=\"noindex, nofollow\" \/>\n<meta property=\"og:locale\" content=\"es_ES\" \/>\n<meta property=\"og:type\" content=\"article\" \/>\n<meta property=\"og:title\" content=\"Ayuda accesibilidad - Tienda online Asador City Wok Alfafar\" \/>\n<meta property=\"og:description\" content=\"Ayuda accesibilidad - Tienda online Asador City Wok Alfafar. Restaurante de Cocina Internacional &amp; Take Away.\" \/>\n<meta property=\"og:url\" content=\"https:\/\/www.asadorcitywokalfafar.com\/tienda-online\/ayuda-accesibilidad\/\" \/>\n<meta property=\"og:site_name\" content=\"Tienda online Asador City Wok Alfafar\" \/>\n<meta property=\"article:modified_time\" content=\"2023-07-11T20:03:15+00:00\" \/>\n<meta property=\"og:image\" content=\"https:\/\/www.asadorcitywokalfafar.com\/tienda-online\/wp-content\/uploads\/2023\/07\/header.jpg\" \/>\n<meta name=\"twitter:card\" content=\"summary_large_image\" \/>\n<meta name=\"twitter:label1\" content=\"Tiempo de lectura\" \/>\n\t<meta name=\"twitter:data1\" content=\"2 minutos\" \/>\n<script type=\"application\/ld+json\" class=\"yoast-schema-graph\">{\"@context\":\"https:\/\/schema.org\",\"@graph\":[{\"@type\":\"WebPage\",\"@id\":\"https:\/\/www.asadorcitywokalfafar.com\/tienda-online\/ayuda-accesibilidad\/\",\"url\":\"https:\/\/www.asadorcitywokalfafar.com\/tienda-online\/ayuda-accesibilidad\/\",\"name\":\"Ayuda accesibilidad - Tienda online Asador City Wok Alfafar\",\"isPartOf\":{\"@id\":\"https:\/\/www.asadorcitywokalfafar.com\/tienda-online\/#website\"},\"datePublished\":\"2023-07-06T12:07:10+00:00\",\"dateModified\":\"2023-07-11T20:03:15+00:00\",\"description\":\"Ayuda accesibilidad - Tienda online Asador City Wok Alfafar. Restaurante de Cocina Internacional & Take Away.\",\"inLanguage\":\"es\",\"potentialAction\":[{\"@type\":\"ReadAction\",\"target\":[\"https:\/\/www.asadorcitywokalfafar.com\/tienda-online\/ayuda-accesibilidad\/\"]}]},{\"@type\":\"WebSite\",\"@id\":\"https:\/\/www.asadorcitywokalfafar.com\/tienda-online\/#website\",\"url\":\"https:\/\/www.asadorcitywokalfafar.com\/tienda-online\/\",\"name\":\"Tienda online Asador City Wok Alfafar\",\"description\":\"\",\"potentialAction\":[{\"@type\":\"SearchAction\",\"target\":{\"@type\":\"EntryPoint\",\"urlTemplate\":\"https:\/\/www.asadorcitywokalfafar.com\/tienda-online\/?s={search_term_string}\"},\"query-input\":\"required name=search_term_string\"}],\"inLanguage\":\"es\"}]}<\/script>\n<!-- \/ Yoast SEO plugin. -->","yoast_head_json":{"title":"Ayuda accesibilidad - Tienda online Asador City Wok Alfafar","description":"Ayuda accesibilidad - Tienda online Asador City Wok Alfafar. Restaurante de Cocina Internacional & Take Away.","robots":{"index":"noindex","follow":"nofollow"},"og_locale":"es_ES","og_type":"article","og_title":"Ayuda accesibilidad - Tienda online Asador City Wok Alfafar","og_description":"Ayuda accesibilidad - Tienda online Asador City Wok Alfafar. Restaurante de Cocina Internacional & Take Away.","og_url":"https:\/\/www.asadorcitywokalfafar.com\/tienda-online\/ayuda-accesibilidad\/","og_site_name":"Tienda online Asador City Wok Alfafar","article_modified_time":"2023-07-11T20:03:15+00:00","og_image":[{"url":"https:\/\/www.asadorcitywokalfafar.com\/tienda-online\/wp-content\/uploads\/2023\/07\/header.jpg"}],"twitter_card":"summary_large_image","twitter_misc":{"Tiempo de lectura":"2 minutos"},"schema":{"@context":"https:\/\/schema.org","@graph":[{"@type":"WebPage","@id":"https:\/\/www.asadorcitywokalfafar.com\/tienda-online\/ayuda-accesibilidad\/","url":"https:\/\/www.asadorcitywokalfafar.com\/tienda-online\/ayuda-accesibilidad\/","name":"Ayuda accesibilidad - Tienda online Asador City Wok Alfafar","isPartOf":{"@id":"https:\/\/www.asadorcitywokalfafar.com\/tienda-online\/#website"},"datePublished":"2023-07-06T12:07:10+00:00","dateModified":"2023-07-11T20:03:15+00:00","description":"Ayuda accesibilidad - Tienda online Asador City Wok Alfafar. Restaurante de Cocina Internacional & Take Away.","inLanguage":"es","potentialAction":[{"@type":"ReadAction","target":["https:\/\/www.asadorcitywokalfafar.com\/tienda-online\/ayuda-accesibilidad\/"]}]},{"@type":"WebSite","@id":"https:\/\/www.asadorcitywokalfafar.com\/tienda-online\/#website","url":"https:\/\/www.asadorcitywokalfafar.com\/tienda-online\/","name":"Tienda online Asador City Wok Alfafar","description":"","potentialAction":[{"@type":"SearchAction","target":{"@type":"EntryPoint","urlTemplate":"https:\/\/www.asadorcitywokalfafar.com\/tienda-online\/?s={search_term_string}"},"query-input":"required name=search_term_string"}],"inLanguage":"es"}]}},"_links":{"self":[{"href":"https:\/\/www.asadorcitywokalfafar.com\/tienda-online\/wp-json\/wp\/v2\/pages\/38","targetHints":{"allow":["GET"]}}],"collection":[{"href":"https:\/\/www.asadorcitywokalfafar.com\/tienda-online\/wp-json\/wp\/v2\/pages"}],"about":[{"href":"https:\/\/www.asadorcitywokalfafar.com\/tienda-online\/wp-json\/wp\/v2\/types\/page"}],"author":[{"embeddable":true,"href":"https:\/\/www.asadorcitywokalfafar.com\/tienda-online\/wp-json\/wp\/v2\/users\/1"}],"replies":[{"embeddable":true,"href":"https:\/\/www.asadorcitywokalfafar.com\/tienda-online\/wp-json\/wp\/v2\/comments?post=38"}],"version-history":[{"count":12,"href":"https:\/\/www.asadorcitywokalfafar.com\/tienda-online\/wp-json\/wp\/v2\/pages\/38\/revisions"}],"predecessor-version":[{"id":114,"href":"https:\/\/www.asadorcitywokalfafar.com\/tienda-online\/wp-json\/wp\/v2\/pages\/38\/revisions\/114"}],"wp:attachment":[{"href":"https:\/\/www.asadorcitywokalfafar.com\/tienda-online\/wp-json\/wp\/v2\/media?parent=38"}],"curies":[{"name":"wp","href":"https:\/\/api.w.org\/{rel}","templated":true}]}}